{"id":504,"date":"2023-06-14T14:11:33","date_gmt":"2023-06-14T14:11:33","guid":{"rendered":"https:\/\/gpinsp.com.br\/?page_id=504"},"modified":"2024-02-22T18:23:11","modified_gmt":"2024-02-22T18:23:11","slug":"nossos-clientes","status":"publish","type":"page","link":"https:\/\/gpinsp.com.br\/?page_id=504","title":{"rendered":"Nossos clientes."},"content":{"rendered":"\t\t<div data-elementor-type=\"wp-page\" data-elementor-id=\"504\" class=\"elementor elementor-504\">\n\t\t\t\t\t\t<section class=\"elementor-section elementor-top-section elementor-element elementor-element-0bf7694 elementor-section-boxed elementor-section-height-default elementor-section-height-default\" data-id=\"0bf7694\" data-element_type=\"section\">\n\t\t\t\t\t\t<div class=\"elementor-container elementor-column-gap-default\">\n\t\t\t\t\t<div class=\"elementor-column elementor-col-33 elementor-top-column elementor-element elementor-element-11ddffe\" data-id=\"11ddffe\" data-element_type=\"column\">\n\t\t\t<div class=\"elementor-widget-wrap elementor-element-populated\">\n\t\t\t\t\t\t<div class=\"elementor-element elementor-element-aa02897 elementor-widget elementor-widget-image\" data-id=\"aa02897\" data-element_type=\"widget\" data-widget_type=\"image.default\">\n\t\t\t\t<div class=\"elementor-widget-container\">\n\t\t\t<style>\/*! elementor - v3.23.0 - 05-08-2024 *\/\n.elementor-widget-image{text-align:center}.elementor-widget-image a{display:inline-block}.elementor-widget-image a img[src$=\".svg\"]{width:48px}.elementor-widget-image img{vertical-align:middle;display:inline-block}<\/style>\t\t\t\t\t\t\t\t\t\t<img decoding=\"async\" width=\"150\" height=\"150\" src=\"https:\/\/gpinsp.com.br\/wp-content\/uploads\/2022\/12\/aker-solutions-150x150.webp\" class=\"attachment-thumbnail size-thumbnail wp-image-58\" alt=\"\" srcset=\"https:\/\/gpinsp.com.br\/wp-content\/uploads\/2022\/12\/aker-solutions-150x150.webp 150w, https:\/\/gpinsp.com.br\/wp-content\/uploads\/2022\/12\/aker-solutions-300x300.webp 300w, https:\/\/gpinsp.com.br\/wp-content\/uploads\/2022\/12\/aker-solutions.webp 650w\" sizes=\"(max-width: 150px) 100vw, 150px\" \/>\t\t\t\t\t\t\t\t\t\t\t\t\t<\/div>\n\t\t\t\t<\/div>\n\t\t\t\t<div class=\"elementor-element elementor-element-2d18711 elementor-widget elementor-widget-text-editor\" data-id=\"2d18711\" data-element_type=\"widget\" data-widget_type=\"text-editor.default\">\n\t\t\t\t<div class=\"elementor-widget-container\">\n\t\t\t<style>\/*! elementor - v3.23.0 - 05-08-2024 *\/\n.elementor-widget-text-editor.elementor-drop-cap-view-stacked .elementor-drop-cap{background-color:#69727d;color:#fff}.elementor-widget-text-editor.elementor-drop-cap-view-framed .elementor-drop-cap{color:#69727d;border:3px solid;background-color:transparent}.elementor-widget-text-editor:not(.elementor-drop-cap-view-default) .elementor-drop-cap{margin-top:8px}.elementor-widget-text-editor:not(.elementor-drop-cap-view-default) .elementor-drop-cap-letter{width:1em;height:1em}.elementor-widget-text-editor .elementor-drop-cap{float:left;text-align:center;line-height:1;font-size:50px}.elementor-widget-text-editor .elementor-drop-cap-letter{display:inline-block}<\/style>\t\t\t\t<p><strong>Aker Solutions<\/strong> \u00e9 um conglomerado noruegu\u00eas que atua nos setores de constru\u00e7\u00e3o, engenharia e manuten\u00e7\u00e3o de unidades industriais para o setor de petr\u00f3leo e g\u00e1s.<\/p>\t\t\t\t\t\t<\/div>\n\t\t\t\t<\/div>\n\t\t\t\t\t<\/div>\n\t\t<\/div>\n\t\t\t\t<div class=\"elementor-column elementor-col-33 elementor-top-column elementor-element elementor-element-5e01611\" data-id=\"5e01611\" data-element_type=\"column\">\n\t\t\t<div class=\"elementor-widget-wrap elementor-element-populated\">\n\t\t\t\t\t\t<div class=\"elementor-element elementor-element-3de0e5d elementor-widget elementor-widget-image\" data-id=\"3de0e5d\" data-element_type=\"widget\" data-widget_type=\"image.default\">\n\t\t\t\t<div class=\"elementor-widget-container\">\n\t\t\t\t\t\t\t\t\t\t\t\t\t<img decoding=\"async\" width=\"150\" height=\"150\" src=\"https:\/\/gpinsp.com.br\/wp-content\/uploads\/2023\/04\/1597941242424-150x150.jpg\" class=\"attachment-thumbnail size-thumbnail wp-image-237\" alt=\"\" srcset=\"https:\/\/gpinsp.com.br\/wp-content\/uploads\/2023\/04\/1597941242424-150x150.jpg 150w, https:\/\/gpinsp.com.br\/wp-content\/uploads\/2023\/04\/1597941242424.jpg 200w\" sizes=\"(max-width: 150px) 100vw, 150px\" \/>\t\t\t\t\t\t\t\t\t\t\t\t\t<\/div>\n\t\t\t\t<\/div>\n\t\t\t\t<div class=\"elementor-element elementor-element-ffd37e7 elementor-widget elementor-widget-text-editor\" data-id=\"ffd37e7\" data-element_type=\"widget\" data-widget_type=\"text-editor.default\">\n\t\t\t\t<div class=\"elementor-widget-container\">\n\t\t\t\t\t\t\t<p>A <strong>Cesbe Engenharia<\/strong> \u00e9 uma empresa especialista em obras de alta complexidade como grandes plantas industriais, UHes, PChs, esta\u00e7\u00f5es de tratamento de \u00e1gua e esgoto, edifica\u00e7\u00f5es e obras vi\u00e1rias.<\/p>\t\t\t\t\t\t<\/div>\n\t\t\t\t<\/div>\n\t\t\t\t\t<\/div>\n\t\t<\/div>\n\t\t\t\t<div class=\"elementor-column elementor-col-33 elementor-top-column elementor-element elementor-element-9657305\" data-id=\"9657305\" data-element_type=\"column\">\n\t\t\t<div class=\"elementor-widget-wrap elementor-element-populated\">\n\t\t\t\t\t\t<div class=\"elementor-element elementor-element-8b16cbb elementor-widget elementor-widget-image\" data-id=\"8b16cbb\" data-element_type=\"widget\" data-widget_type=\"image.default\">\n\t\t\t\t<div class=\"elementor-widget-container\">\n\t\t\t\t\t\t\t\t\t\t\t\t\t<img decoding=\"async\" width=\"150\" height=\"150\" src=\"https:\/\/gpinsp.com.br\/wp-content\/uploads\/2023\/04\/1594404275359-150x150.jpg\" class=\"attachment-thumbnail size-thumbnail wp-image-238\" alt=\"\" srcset=\"https:\/\/gpinsp.com.br\/wp-content\/uploads\/2023\/04\/1594404275359-150x150.jpg 150w, https:\/\/gpinsp.com.br\/wp-content\/uploads\/2023\/04\/1594404275359.jpg 200w\" sizes=\"(max-width: 150px) 100vw, 150px\" \/>\t\t\t\t\t\t\t\t\t\t\t\t\t<\/div>\n\t\t\t\t<\/div>\n\t\t\t\t<div class=\"elementor-element elementor-element-82782ce elementor-widget elementor-widget-text-editor\" data-id=\"82782ce\" data-element_type=\"widget\" data-widget_type=\"text-editor.default\">\n\t\t\t\t<div class=\"elementor-widget-container\">\n\t\t\t\t\t\t\t<p>A <strong>Mount Engenharia<\/strong>, tamb\u00e9m conhecida como <strong>Mount ECCP<\/strong>, \u00e9 uma empresa brasileira que atua em diversos setores, incluindo petr\u00f3leo e g\u00e1s, marinha, energia, infraestrutura de bens de capital e ind\u00fastria.<\/p>\t\t\t\t\t\t<\/div>\n\t\t\t\t<\/div>\n\t\t\t\t\t<\/div>\n\t\t<\/div>\n\t\t\t\t\t<\/div>\n\t\t<\/section>\n\t\t\t\t<section class=\"elementor-section elementor-top-section elementor-element elementor-element-6843b6b elementor-section-boxed elementor-section-height-default elementor-section-height-default\" data-id=\"6843b6b\" data-element_type=\"section\">\n\t\t\t\t\t\t<div class=\"elementor-container elementor-column-gap-default\">\n\t\t\t\t\t<div class=\"elementor-column elementor-col-33 elementor-top-column elementor-element elementor-element-d29d24c\" data-id=\"d29d24c\" data-element_type=\"column\">\n\t\t\t<div class=\"elementor-widget-wrap elementor-element-populated\">\n\t\t\t\t\t\t<div class=\"elementor-element elementor-element-462e4d4 elementor-widget elementor-widget-image\" data-id=\"462e4d4\" data-element_type=\"widget\" data-widget_type=\"image.default\">\n\t\t\t\t<div class=\"elementor-widget-container\">\n\t\t\t\t\t\t\t\t\t\t\t\t\t<img loading=\"lazy\" decoding=\"async\" width=\"522\" height=\"213\" src=\"https:\/\/gpinsp.com.br\/wp-content\/uploads\/2023\/12\/Imagem-do-WhatsApp-de-2023-12-04-as-17.21.48_e844aa1d.jpg\" class=\"attachment-large size-large wp-image-643\" alt=\"\" srcset=\"https:\/\/gpinsp.com.br\/wp-content\/uploads\/2023\/12\/Imagem-do-WhatsApp-de-2023-12-04-as-17.21.48_e844aa1d.jpg 522w, https:\/\/gpinsp.com.br\/wp-content\/uploads\/2023\/12\/Imagem-do-WhatsApp-de-2023-12-04-as-17.21.48_e844aa1d-300x122.jpg 300w\" sizes=\"(max-width: 522px) 100vw, 522px\" \/>\t\t\t\t\t\t\t\t\t\t\t\t\t<\/div>\n\t\t\t\t<\/div>\n\t\t\t\t<div class=\"elementor-element elementor-element-810e0e0 elementor-widget elementor-widget-text-editor\" data-id=\"810e0e0\" data-element_type=\"widget\" data-widget_type=\"text-editor.default\">\n\t\t\t\t<div class=\"elementor-widget-container\">\n\t\t\t\t\t\t\t<p><b>OneSubsea<\/b>, uma joint venture liderada pela SLB, Aker Solutions e Subsea7, \u00e9 l\u00edder global em tecnologia submarina. Com sede em Oslo e Houston, possui 10.000 funcion\u00e1rios globalmente. Focada em inova\u00e7\u00e3o digital, visa otimizar a produ\u00e7\u00e3o de petr\u00f3leo e g\u00e1s, reduzir emiss\u00f5es e impulsionar a transi\u00e7\u00e3o energ\u00e9tica.&nbsp;&nbsp;<\/p>\t\t\t\t\t\t<\/div>\n\t\t\t\t<\/div>\n\t\t\t\t\t<\/div>\n\t\t<\/div>\n\t\t\t\t<div class=\"elementor-column elementor-col-33 elementor-top-column elementor-element elementor-element-addca6c\" data-id=\"addca6c\" data-element_type=\"column\">\n\t\t\t<div class=\"elementor-widget-wrap elementor-element-populated\">\n\t\t\t\t\t\t<div class=\"elementor-element elementor-element-9311071 elementor-widget elementor-widget-image\" data-id=\"9311071\" data-element_type=\"widget\" data-widget_type=\"image.default\">\n\t\t\t\t<div class=\"elementor-widget-container\">\n\t\t\t\t\t\t\t\t\t\t\t\t\t<img loading=\"lazy\" decoding=\"async\" width=\"150\" height=\"150\" src=\"https:\/\/gpinsp.com.br\/wp-content\/uploads\/2023\/12\/schlumberger-lanca-marca-slb-com-foco-na-descarbonizacao-do-mercado-de-energia-ao-longo-dos-proximos-a-150x150.png\" class=\"attachment-thumbnail size-thumbnail wp-image-644\" alt=\"\" \/>\t\t\t\t\t\t\t\t\t\t\t\t\t<\/div>\n\t\t\t\t<\/div>\n\t\t\t\t<div class=\"elementor-element elementor-element-c89e636 elementor-widget elementor-widget-text-editor\" data-id=\"c89e636\" data-element_type=\"widget\" data-widget_type=\"text-editor.default\">\n\t\t\t\t<div class=\"elementor-widget-container\">\n\t\t\t\t\t\t\t<p><span style=\"color: #4d5156; font-family: arial, sans-serif; font-size: 14px;\">A <b>Schlumberger<\/b> \u00e9 a maior empresa prestadora de servi\u00e7os de petr\u00f3leo do mundo. A Schlumberger emprega aproximadamente 126 mil funcion\u00e1rios de mais de 140 nacionalidades que trabalham em mais de 85 pa\u00edses.<\/span><\/p>\t\t\t\t\t\t<\/div>\n\t\t\t\t<\/div>\n\t\t\t\t\t<\/div>\n\t\t<\/div>\n\t\t\t\t<div class=\"elementor-column elementor-col-33 elementor-top-column elementor-element elementor-element-ef56898\" data-id=\"ef56898\" data-element_type=\"column\">\n\t\t\t<div class=\"elementor-widget-wrap elementor-element-populated\">\n\t\t\t\t\t\t<div class=\"elementor-element elementor-element-a651e82 elementor-widget elementor-widget-image\" data-id=\"a651e82\" data-element_type=\"widget\" data-widget_type=\"image.default\">\n\t\t\t\t<div class=\"elementor-widget-container\">\n\t\t\t\t\t\t\t\t\t\t\t\t\t<img loading=\"lazy\" decoding=\"async\" width=\"1024\" height=\"576\" src=\"https:\/\/gpinsp.com.br\/wp-content\/uploads\/2024\/02\/equipsea_equipamentos_e_servios_industriais_cover-1024x576.jpeg\" class=\"attachment-large size-large wp-image-653\" alt=\"\" srcset=\"https:\/\/gpinsp.com.br\/wp-content\/uploads\/2024\/02\/equipsea_equipamentos_e_servios_industriais_cover-1024x576.jpeg 1024w, https:\/\/gpinsp.com.br\/wp-content\/uploads\/2024\/02\/equipsea_equipamentos_e_servios_industriais_cover-300x169.jpeg 300w, https:\/\/gpinsp.com.br\/wp-content\/uploads\/2024\/02\/equipsea_equipamentos_e_servios_industriais_cover-768x432.jpeg 768w, https:\/\/gpinsp.com.br\/wp-content\/uploads\/2024\/02\/equipsea_equipamentos_e_servios_industriais_cover.jpeg 1280w\" sizes=\"(max-width: 1024px) 100vw, 1024px\" \/>\t\t\t\t\t\t\t\t\t\t\t\t\t<\/div>\n\t\t\t\t<\/div>\n\t\t\t\t<div class=\"elementor-element elementor-element-ac57bdc elementor-widget elementor-widget-text-editor\" data-id=\"ac57bdc\" data-element_type=\"widget\" data-widget_type=\"text-editor.default\">\n\t\t\t\t<div class=\"elementor-widget-container\">\n\t\t\t\t\t\t\t<p>Fundada em 2017, a<span style=\"font-weight: 700;\">&nbsp;Equipsea<\/span>&nbsp;lida com processos de fabrica\u00e7\u00e3o, usinagem e entrega de equipamentos revestidos para os setores de \u00d3leo e G\u00e1s.<br><\/p>\t\t\t\t\t\t<\/div>\n\t\t\t\t<\/div>\n\t\t\t\t\t<\/div>\n\t\t<\/div>\n\t\t\t\t\t<\/div>\n\t\t<\/section>\n\t\t\t\t<\/div>\n\t\t","protected":false},"excerpt":{"rendered":"<p>Aker Solutions \u00e9 um conglomerado noruegu\u00eas que atua nos setores de constru\u00e7\u00e3o, engenharia e manuten\u00e7\u00e3o de unidades industriais para o setor de petr\u00f3leo e g\u00e1s. A Cesbe Engenharia \u00e9 uma empresa especialista em obras de alta complexidade como grandes plantas industriais, UHes, PChs, esta\u00e7\u00f5es de tratamento de \u00e1gua e esgoto, edifica\u00e7\u00f5es e obras vi\u00e1rias. A [&hellip;]<\/p>\n","protected":false},"author":1,"featured_media":0,"parent":0,"menu_order":0,"comment_status":"closed","ping_status":"closed","template":"","meta":{"om_disable_all_campaigns":false,"_monsterinsights_skip_tracking":false,"_monsterinsights_sitenote_active":false,"_monsterinsights_sitenote_note":"","_monsterinsights_sitenote_category":0,"_joinchat":[],"footnotes":""},"class_list":["post-504","page","type-page","status-publish","hentry"],"aioseo_notices":[],"_links":{"self":[{"href":"https:\/\/gpinsp.com.br\/index.php?rest_route=\/wp\/v2\/pages\/504"}],"collection":[{"href":"https:\/\/gpinsp.com.br\/index.php?rest_route=\/wp\/v2\/pages"}],"about":[{"href":"https:\/\/gpinsp.com.br\/index.php?rest_route=\/wp\/v2\/types\/page"}],"author":[{"embeddable":true,"href":"https:\/\/gpinsp.com.br\/index.php?rest_route=\/wp\/v2\/users\/1"}],"replies":[{"embeddable":true,"href":"https:\/\/gpinsp.com.br\/index.php?rest_route=%2Fwp%2Fv2%2Fcomments&post=504"}],"version-history":[{"count":14,"href":"https:\/\/gpinsp.com.br\/index.php?rest_route=\/wp\/v2\/pages\/504\/revisions"}],"predecessor-version":[{"id":660,"href":"https:\/\/gpinsp.com.br\/index.php?rest_route=\/wp\/v2\/pages\/504\/revisions\/660"}],"wp:attachment":[{"href":"https:\/\/gpinsp.com.br\/index.php?rest_route=%2Fwp%2Fv2%2Fmedia&parent=504"}],"curies":[{"name":"wp","href":"https:\/\/api.w.org\/{rel}","templated":true}]}}