{"id":413,"date":"2023-05-31T17:59:27","date_gmt":"2023-05-31T17:59:27","guid":{"rendered":"https:\/\/gpinsp.com.br\/?page_id=413"},"modified":"2024-08-16T14:58:38","modified_gmt":"2024-08-16T14:58:38","slug":"informacoes","status":"publish","type":"page","link":"https:\/\/gpinsp.com.br\/?page_id=413","title":{"rendered":"Informa\u00e7\u00f5es."},"content":{"rendered":"\t\t<div data-elementor-type=\"wp-page\" data-elementor-id=\"413\" class=\"elementor elementor-413\">\n\t\t\t\t\t\t<section class=\"elementor-section elementor-top-section elementor-element elementor-element-a20f2c6 elementor-section-boxed elementor-section-height-default elementor-section-height-default\" data-id=\"a20f2c6\" data-element_type=\"section\">\n\t\t\t\t\t\t<div class=\"elementor-container elementor-column-gap-default\">\n\t\t\t\t\t<div class=\"elementor-column elementor-col-33 elementor-top-column elementor-element elementor-element-b0fe96b\" data-id=\"b0fe96b\" data-element_type=\"column\">\n\t\t\t<div class=\"elementor-widget-wrap elementor-element-populated\">\n\t\t\t\t\t\t<div class=\"elementor-element elementor-element-9aa5bf2 elementor-widget elementor-widget-image\" data-id=\"9aa5bf2\" data-element_type=\"widget\" data-widget_type=\"image.default\">\n\t\t\t\t<div class=\"elementor-widget-container\">\n\t\t\t<style>\/*! elementor - v3.23.0 - 05-08-2024 *\/\n.elementor-widget-image{text-align:center}.elementor-widget-image a{display:inline-block}.elementor-widget-image a img[src$=\".svg\"]{width:48px}.elementor-widget-image img{vertical-align:middle;display:inline-block}<\/style>\t\t\t\t\t\t\t\t\t\t<img fetchpriority=\"high\" decoding=\"async\" width=\"400\" height=\"400\" src=\"https:\/\/gpinsp.com.br\/wp-content\/uploads\/2023\/04\/Inserir_um_titulo__2_-removebg-preview-2.png\" class=\"attachment-large size-large wp-image-346\" alt=\"\" srcset=\"https:\/\/gpinsp.com.br\/wp-content\/uploads\/2023\/04\/Inserir_um_titulo__2_-removebg-preview-2.png 400w, https:\/\/gpinsp.com.br\/wp-content\/uploads\/2023\/04\/Inserir_um_titulo__2_-removebg-preview-2-300x300.png 300w, https:\/\/gpinsp.com.br\/wp-content\/uploads\/2023\/04\/Inserir_um_titulo__2_-removebg-preview-2-150x150.png 150w\" sizes=\"(max-width: 400px) 100vw, 400px\" \/>\t\t\t\t\t\t\t\t\t\t\t\t\t<\/div>\n\t\t\t\t<\/div>\n\t\t\t\t\t<\/div>\n\t\t<\/div>\n\t\t\t\t<div class=\"elementor-column elementor-col-66 elementor-top-column elementor-element elementor-element-882f903\" data-id=\"882f903\" data-element_type=\"column\">\n\t\t\t<div class=\"elementor-widget-wrap elementor-element-populated\">\n\t\t\t\t\t\t<div class=\"elementor-element elementor-element-804f085 elementor-widget elementor-widget-heading\" data-id=\"804f085\" data-element_type=\"widget\" data-widget_type=\"heading.default\">\n\t\t\t\t<div class=\"elementor-widget-container\">\n\t\t\t<style>\/*! elementor - v3.23.0 - 05-08-2024 *\/\n.elementor-heading-title{padding:0;margin:0;line-height:1}.elementor-widget-heading .elementor-heading-title[class*=elementor-size-]>a{color:inherit;font-size:inherit;line-height:inherit}.elementor-widget-heading .elementor-heading-title.elementor-size-small{font-size:15px}.elementor-widget-heading .elementor-heading-title.elementor-size-medium{font-size:19px}.elementor-widget-heading .elementor-heading-title.elementor-size-large{font-size:29px}.elementor-widget-heading .elementor-heading-title.elementor-size-xl{font-size:39px}.elementor-widget-heading .elementor-heading-title.elementor-size-xxl{font-size:59px}<\/style><h2 class=\"elementor-heading-title elementor-size-default\">Nosso compromisso com a seguran\u00e7a e qualidade.<\/h2>\t\t<\/div>\n\t\t\t\t<\/div>\n\t\t\t\t<div class=\"elementor-element elementor-element-0cc8117 elementor-widget elementor-widget-text-editor\" data-id=\"0cc8117\" data-element_type=\"widget\" data-widget_type=\"text-editor.default\">\n\t\t\t\t<div class=\"elementor-widget-container\">\n\t\t\t<style>\/*! elementor - v3.23.0 - 05-08-2024 *\/\n.elementor-widget-text-editor.elementor-drop-cap-view-stacked .elementor-drop-cap{background-color:#69727d;color:#fff}.elementor-widget-text-editor.elementor-drop-cap-view-framed .elementor-drop-cap{color:#69727d;border:3px solid;background-color:transparent}.elementor-widget-text-editor:not(.elementor-drop-cap-view-default) .elementor-drop-cap{margin-top:8px}.elementor-widget-text-editor:not(.elementor-drop-cap-view-default) .elementor-drop-cap-letter{width:1em;height:1em}.elementor-widget-text-editor .elementor-drop-cap{float:left;text-align:center;line-height:1;font-size:50px}.elementor-widget-text-editor .elementor-drop-cap-letter{display:inline-block}<\/style>\t\t\t\t<p>Na GP Inspe\u00e7\u00e3o &amp; Servi\u00e7os, temos um compromisso inabal\u00e1vel com a seguran\u00e7a e a qualidade em todas as nossas opera\u00e7\u00f5es. Investimos em treinamentos regulares, aderimos a normas e regulamentos de seguran\u00e7a e garantimos a excel\u00eancia em todas as etapas dos processos. Buscamos estabelecer rela\u00e7\u00f5es duradouras com nossos clientes, fornecedores e parceiros, garantindo na confian\u00e7a e integridade. Nosso objetivo \u00e9 fornecer servi\u00e7os acompanhados e de alta qualidade, protegendo a seguran\u00e7a de nossos colaboradores e clientes em cada projeto que realizamos.<\/p><p><span>Estamos empenhados em estabelecer e manter rela\u00e7\u00f5es duradouras com nossos clientes, fornecedores e parceiros, garantindo na confian\u00e7a e na integridade. <\/span><span>Acreditamos que nosso compromisso com a seguran\u00e7a e a qualidade \u00e9 fundamental para alcan\u00e7ar a satisfa\u00e7\u00e3o do cliente e a excel\u00eancia em nossos servi\u00e7os.<\/span><\/p><p>\u00a0<\/p>\t\t\t\t\t\t<\/div>\n\t\t\t\t<\/div>\n\t\t\t\t\t<\/div>\n\t\t<\/div>\n\t\t\t\t\t<\/div>\n\t\t<\/section>\n\t\t\t\t<section class=\"elementor-section elementor-top-section elementor-element elementor-element-7792f75 elementor-section-boxed elementor-section-height-default elementor-section-height-default\" data-id=\"7792f75\" data-element_type=\"section\">\n\t\t\t\t\t\t<div class=\"elementor-container elementor-column-gap-default\">\n\t\t\t\t\t<div class=\"elementor-column elementor-col-100 elementor-top-column elementor-element elementor-element-3e20d02\" data-id=\"3e20d02\" data-element_type=\"column\">\n\t\t\t<div class=\"elementor-widget-wrap elementor-element-populated\">\n\t\t\t\t\t\t<div class=\"elementor-element elementor-element-56f5179 elementor-widget elementor-widget-heading\" data-id=\"56f5179\" data-element_type=\"widget\" data-widget_type=\"heading.default\">\n\t\t\t\t<div class=\"elementor-widget-container\">\n\t\t\t<h2 class=\"elementor-heading-title elementor-size-default\">HSSE - (Health, Safety, Security, and \nEnvironment)<\/h2>\t\t<\/div>\n\t\t\t\t<\/div>\n\t\t\t\t<div class=\"elementor-element elementor-element-29078c8 elementor-widget elementor-widget-image\" data-id=\"29078c8\" data-element_type=\"widget\" data-widget_type=\"image.default\">\n\t\t\t\t<div class=\"elementor-widget-container\">\n\t\t\t\t\t\t\t\t\t\t\t\t\t<img decoding=\"async\" width=\"768\" height=\"432\" src=\"https:\/\/gpinsp.com.br\/wp-content\/uploads\/2023\/06\/1400-x-788-destaque-foto-shutterstock-768x432.webp\" class=\"attachment-medium_large size-medium_large wp-image-493\" alt=\"\" srcset=\"https:\/\/gpinsp.com.br\/wp-content\/uploads\/2023\/06\/1400-x-788-destaque-foto-shutterstock-768x432.webp 768w, https:\/\/gpinsp.com.br\/wp-content\/uploads\/2023\/06\/1400-x-788-destaque-foto-shutterstock-300x169.webp 300w, https:\/\/gpinsp.com.br\/wp-content\/uploads\/2023\/06\/1400-x-788-destaque-foto-shutterstock.webp 984w\" sizes=\"(max-width: 768px) 100vw, 768px\" \/>\t\t\t\t\t\t\t\t\t\t\t\t\t<\/div>\n\t\t\t\t<\/div>\n\t\t\t\t<div class=\"elementor-element elementor-element-afa95ea elementor-widget elementor-widget-text-editor\" data-id=\"afa95ea\" data-element_type=\"widget\" data-widget_type=\"text-editor.default\">\n\t\t\t\t<div class=\"elementor-widget-container\">\n\t\t\t\t\t\t\t<p>HSSE, que significa Sa\u00fade, Seguran\u00e7a, Prote\u00e7\u00e3o e Meio Ambiente, \u00e9 um termo que engloba os princ\u00edpios e preocupa\u00e7\u00f5es relacionados \u00e0 Seguran\u00e7a, Sa\u00fade, Seguran\u00e7a e Meio Ambiente (SSMA). Na GP Inspe\u00e7\u00e3o &amp; Servi\u00e7os, entendemos que a sa\u00fade e o bem-estar das pessoas, bem como a preserva\u00e7\u00e3o do meio ambiente, s\u00e3o essenciais para o sucesso de nossas opera\u00e7\u00f5es.<\/p><ul><li>Na GP Inspe\u00e7\u00e3o &amp; Servi\u00e7os, nosso compromisso \u00e9 fornecer um ambiente de trabalho seguro e saud\u00e1vel para todos os profissionais envolvidos em nossas atividades. Valorizamos a vida e a sa\u00fade das pessoas como nossa principal prioridade.<\/li><li>Nossa equipe \u00e9 treinada e conscientizada sobre a import\u00e2ncia de buscar e desenvolver uma cultura preventiva, onde a sa\u00fade e a integridade f\u00edsica s\u00e3o os principais objetivos.<\/li><li>Utilizamos t\u00e9cnicas estat\u00edsticas para avaliar constantemente a efic\u00e1cia do nosso plano de a\u00e7\u00e3o em seguran\u00e7a e sa\u00fade no trabalho. Realizamos an\u00e1lises preliminares de risco, inspe\u00e7\u00f5es, treinamentos e estabelecemos procedimentos operacionais definidos como parte de nossa pol\u00edtica de SSMA (Seguran\u00e7a, Sa\u00fade e Meio Ambiente).<\/li><li>Estamos empenhados em promover a melhoria cont\u00ednua em nossas pr\u00e1ticas de seguran\u00e7a e sa\u00fade, visando garantir um ambiente de trabalho livre de acidentes e proteger a integridade f\u00edsica de todos os envolvidos em nossas opera\u00e7\u00f5es.<\/li><\/ul><p><span>Quando nos referimos a HSSE, enfatizamos a import\u00e2ncia de adotar uma abordagem integrada, abrangendo todos esses aspectos cr\u00edticos. <\/span><span>A Seguran\u00e7a \u00e9 primordial, e nos comprometemos a proporcionar um ambiente de trabalho seguro e saud\u00e1vel, priorizando a preven\u00e7\u00e3o de acidentes e a prote\u00e7\u00e3o da vida e da integridade f\u00edsica de nossos colaboradores, contratados e subcontratados.<\/span><\/p>\t\t\t\t\t\t<\/div>\n\t\t\t\t<\/div>\n\t\t\t\t\t<\/div>\n\t\t<\/div>\n\t\t\t\t\t<\/div>\n\t\t<\/section>\n\t\t\t\t<section class=\"elementor-section elementor-top-section elementor-element elementor-element-0f7cd6a elementor-section-boxed elementor-section-height-default elementor-section-height-default\" data-id=\"0f7cd6a\" data-element_type=\"section\">\n\t\t\t\t\t\t<div class=\"elementor-container elementor-column-gap-default\">\n\t\t\t\t\t<div class=\"elementor-column elementor-col-33 elementor-top-column elementor-element elementor-element-ae313c1\" data-id=\"ae313c1\" data-element_type=\"column\">\n\t\t\t<div class=\"elementor-widget-wrap elementor-element-populated\">\n\t\t\t\t\t\t<div class=\"elementor-element elementor-element-4c9dccf elementor-widget elementor-widget-heading\" data-id=\"4c9dccf\" data-element_type=\"widget\" data-widget_type=\"heading.default\">\n\t\t\t\t<div class=\"elementor-widget-container\">\n\t\t\t<h2 class=\"elementor-heading-title elementor-size-default\">Seguran\u00e7a.<\/h2>\t\t<\/div>\n\t\t\t\t<\/div>\n\t\t\t\t<div class=\"elementor-element elementor-element-c85ccb6 elementor-widget elementor-widget-image\" data-id=\"c85ccb6\" data-element_type=\"widget\" data-widget_type=\"image.default\">\n\t\t\t\t<div class=\"elementor-widget-container\">\n\t\t\t\t\t\t\t\t\t\t\t\t\t<img decoding=\"async\" width=\"150\" height=\"150\" src=\"https:\/\/gpinsp.com.br\/wp-content\/uploads\/2023\/06\/1-4-150x150.png\" class=\"attachment-thumbnail size-thumbnail wp-image-495\" alt=\"\" srcset=\"https:\/\/gpinsp.com.br\/wp-content\/uploads\/2023\/06\/1-4-150x150.png 150w, https:\/\/gpinsp.com.br\/wp-content\/uploads\/2023\/06\/1-4-300x300.png 300w, https:\/\/gpinsp.com.br\/wp-content\/uploads\/2023\/06\/1-4.png 400w\" sizes=\"(max-width: 150px) 100vw, 150px\" \/>\t\t\t\t\t\t\t\t\t\t\t\t\t<\/div>\n\t\t\t\t<\/div>\n\t\t\t\t<div class=\"elementor-element elementor-element-9ff92e8 elementor-widget elementor-widget-text-editor\" data-id=\"9ff92e8\" data-element_type=\"widget\" data-widget_type=\"text-editor.default\">\n\t\t\t\t<div class=\"elementor-widget-container\">\n\t\t\t\t\t\t\t<p><span>A Seguran\u00e7a \u00e9 uma preocupa\u00e7\u00e3o constante em todas as nossas atividades. <\/span><span>Utilizamos an\u00e1lises de risco, inspe\u00e7\u00f5es, treinamentos e procedimentos operacionais definidos para garantir um ambiente seguro em todas as etapas de nossos projetos. <\/span><span>Nosso objetivo \u00e9 minimizar os riscos e garantir que todas as medidas preventivas sejam tomadas para proteger nossos funcion\u00e1rios e pessoas envolvidas em nossas opera\u00e7\u00f5es.<\/span><\/p>\t\t\t\t\t\t<\/div>\n\t\t\t\t<\/div>\n\t\t\t\t<div class=\"elementor-element elementor-element-ee7b3fd elementor-widget elementor-widget-image\" data-id=\"ee7b3fd\" data-element_type=\"widget\" data-widget_type=\"image.default\">\n\t\t\t\t<div class=\"elementor-widget-container\">\n\t\t\t\t\t\t\t\t\t\t\t\t\t<img loading=\"lazy\" decoding=\"async\" width=\"400\" height=\"400\" src=\"https:\/\/gpinsp.com.br\/wp-content\/uploads\/2023\/06\/4-3.png\" class=\"attachment-large size-large wp-image-498\" alt=\"\" srcset=\"https:\/\/gpinsp.com.br\/wp-content\/uploads\/2023\/06\/4-3.png 400w, https:\/\/gpinsp.com.br\/wp-content\/uploads\/2023\/06\/4-3-300x300.png 300w, https:\/\/gpinsp.com.br\/wp-content\/uploads\/2023\/06\/4-3-150x150.png 150w\" sizes=\"(max-width: 400px) 100vw, 400px\" \/>\t\t\t\t\t\t\t\t\t\t\t\t\t<\/div>\n\t\t\t\t<\/div>\n\t\t\t\t\t<\/div>\n\t\t<\/div>\n\t\t\t\t<div class=\"elementor-column elementor-col-33 elementor-top-column elementor-element elementor-element-a55e9e8\" data-id=\"a55e9e8\" data-element_type=\"column\">\n\t\t\t<div class=\"elementor-widget-wrap elementor-element-populated\">\n\t\t\t\t\t\t<div class=\"elementor-element elementor-element-6882e32 elementor-widget elementor-widget-heading\" data-id=\"6882e32\" data-element_type=\"widget\" data-widget_type=\"heading.default\">\n\t\t\t\t<div class=\"elementor-widget-container\">\n\t\t\t<h2 class=\"elementor-heading-title elementor-size-default\">Sa\u00fade.<\/h2>\t\t<\/div>\n\t\t\t\t<\/div>\n\t\t\t\t<div class=\"elementor-element elementor-element-ccb8410 elementor-widget elementor-widget-image\" data-id=\"ccb8410\" data-element_type=\"widget\" data-widget_type=\"image.default\">\n\t\t\t\t<div class=\"elementor-widget-container\">\n\t\t\t\t\t\t\t\t\t\t\t\t\t<img loading=\"lazy\" decoding=\"async\" width=\"150\" height=\"150\" src=\"https:\/\/gpinsp.com.br\/wp-content\/uploads\/2023\/06\/2-4-150x150.png\" class=\"attachment-thumbnail size-thumbnail wp-image-496\" alt=\"\" srcset=\"https:\/\/gpinsp.com.br\/wp-content\/uploads\/2023\/06\/2-4-150x150.png 150w, https:\/\/gpinsp.com.br\/wp-content\/uploads\/2023\/06\/2-4-300x300.png 300w, https:\/\/gpinsp.com.br\/wp-content\/uploads\/2023\/06\/2-4.png 400w\" sizes=\"(max-width: 150px) 100vw, 150px\" \/>\t\t\t\t\t\t\t\t\t\t\t\t\t<\/div>\n\t\t\t\t<\/div>\n\t\t\t\t<div class=\"elementor-element elementor-element-16e4f31 elementor-widget elementor-widget-text-editor\" data-id=\"16e4f31\" data-element_type=\"widget\" data-widget_type=\"text-editor.default\">\n\t\t\t\t<div class=\"elementor-widget-container\">\n\t\t\t\t\t\t\t<p><span>A Sa\u00fade \u00e9 um aspecto igualmente relevante. <\/span><span>Nossa equipe \u00e9 treinada e conscientizada sobre a import\u00e2ncia de cuidar da sa\u00fade do pessoal e de seus colegas de trabalho. <\/span><span>Encorajamos a ado\u00e7\u00e3o de pr\u00e1ticas saud\u00e1veis \u200b\u200be promovemos uma cultura de bem-estar, onde o cuidado com a sa\u00fade \u00e9 valorizado e incentivado.<\/span><\/p>\t\t\t\t\t\t<\/div>\n\t\t\t\t<\/div>\n\t\t\t\t<div class=\"elementor-element elementor-element-f577507 elementor-widget elementor-widget-image\" data-id=\"f577507\" data-element_type=\"widget\" data-widget_type=\"image.default\">\n\t\t\t\t<div class=\"elementor-widget-container\">\n\t\t\t\t\t\t\t\t\t\t\t\t\t<img loading=\"lazy\" decoding=\"async\" width=\"400\" height=\"400\" src=\"https:\/\/gpinsp.com.br\/wp-content\/uploads\/2023\/06\/5-2.png\" class=\"attachment-large size-large wp-image-499\" alt=\"\" srcset=\"https:\/\/gpinsp.com.br\/wp-content\/uploads\/2023\/06\/5-2.png 400w, https:\/\/gpinsp.com.br\/wp-content\/uploads\/2023\/06\/5-2-300x300.png 300w, https:\/\/gpinsp.com.br\/wp-content\/uploads\/2023\/06\/5-2-150x150.png 150w\" sizes=\"(max-width: 400px) 100vw, 400px\" \/>\t\t\t\t\t\t\t\t\t\t\t\t\t<\/div>\n\t\t\t\t<\/div>\n\t\t\t\t\t<\/div>\n\t\t<\/div>\n\t\t\t\t<div class=\"elementor-column elementor-col-33 elementor-top-column elementor-element elementor-element-fc38429\" data-id=\"fc38429\" data-element_type=\"column\">\n\t\t\t<div class=\"elementor-widget-wrap elementor-element-populated\">\n\t\t\t\t\t\t<div class=\"elementor-element elementor-element-fefa234 elementor-widget elementor-widget-heading\" data-id=\"fefa234\" data-element_type=\"widget\" data-widget_type=\"heading.default\">\n\t\t\t\t<div class=\"elementor-widget-container\">\n\t\t\t<h2 class=\"elementor-heading-title elementor-size-default\">Meio Ambiente.<\/h2>\t\t<\/div>\n\t\t\t\t<\/div>\n\t\t\t\t<div class=\"elementor-element elementor-element-22c3673 elementor-widget elementor-widget-image\" data-id=\"22c3673\" data-element_type=\"widget\" data-widget_type=\"image.default\">\n\t\t\t\t<div class=\"elementor-widget-container\">\n\t\t\t\t\t\t\t\t\t\t\t\t\t<img loading=\"lazy\" decoding=\"async\" width=\"150\" height=\"150\" src=\"https:\/\/gpinsp.com.br\/wp-content\/uploads\/2023\/06\/3-4-150x150.png\" class=\"attachment-thumbnail size-thumbnail wp-image-497\" alt=\"\" srcset=\"https:\/\/gpinsp.com.br\/wp-content\/uploads\/2023\/06\/3-4-150x150.png 150w, https:\/\/gpinsp.com.br\/wp-content\/uploads\/2023\/06\/3-4-300x300.png 300w, https:\/\/gpinsp.com.br\/wp-content\/uploads\/2023\/06\/3-4.png 400w\" sizes=\"(max-width: 150px) 100vw, 150px\" \/>\t\t\t\t\t\t\t\t\t\t\t\t\t<\/div>\n\t\t\t\t<\/div>\n\t\t\t\t<div class=\"elementor-element elementor-element-a3783ff elementor-widget elementor-widget-text-editor\" data-id=\"a3783ff\" data-element_type=\"widget\" data-widget_type=\"text-editor.default\">\n\t\t\t\t<div class=\"elementor-widget-container\">\n\t\t\t\t\t\t\t<p><span>Meio Ambiente \u00e9 uma considera\u00e7\u00e3o importante em nossas pr\u00e1ticas de SMS. <\/span><span>Temos o compromisso de preservar e proteger o meio ambiente em que operamos. <\/span><span>Seguimos as regulamenta\u00e7\u00f5es ambientais e buscamos minimizar nosso impacto por meio da ado\u00e7\u00e3o de pr\u00e1ticas energ\u00e9ticas, gest\u00e3o adequada de res\u00edduos e conscientiza\u00e7\u00e3o sobre a import\u00e2ncia da preserva\u00e7\u00e3o ambiental.<\/span><\/p>\t\t\t\t\t\t<\/div>\n\t\t\t\t<\/div>\n\t\t\t\t<div class=\"elementor-element elementor-element-fd2e13d elementor-widget elementor-widget-image\" data-id=\"fd2e13d\" data-element_type=\"widget\" data-widget_type=\"image.default\">\n\t\t\t\t<div class=\"elementor-widget-container\">\n\t\t\t\t\t\t\t\t\t\t\t\t\t<img loading=\"lazy\" decoding=\"async\" width=\"400\" height=\"400\" src=\"https:\/\/gpinsp.com.br\/wp-content\/uploads\/2023\/06\/6.png\" class=\"attachment-large size-large wp-image-500\" alt=\"\" srcset=\"https:\/\/gpinsp.com.br\/wp-content\/uploads\/2023\/06\/6.png 400w, https:\/\/gpinsp.com.br\/wp-content\/uploads\/2023\/06\/6-300x300.png 300w, https:\/\/gpinsp.com.br\/wp-content\/uploads\/2023\/06\/6-150x150.png 150w\" sizes=\"(max-width: 400px) 100vw, 400px\" \/>\t\t\t\t\t\t\t\t\t\t\t\t\t<\/div>\n\t\t\t\t<\/div>\n\t\t\t\t\t<\/div>\n\t\t<\/div>\n\t\t\t\t\t<\/div>\n\t\t<\/section>\n\t\t\t\t<section class=\"elementor-section elementor-top-section elementor-element elementor-element-b77767b elementor-section-boxed elementor-section-height-default elementor-section-height-default\" data-id=\"b77767b\" data-element_type=\"section\">\n\t\t\t\t\t\t<div class=\"elementor-container elementor-column-gap-default\">\n\t\t\t\t\t<div class=\"elementor-column elementor-col-50 elementor-top-column elementor-element elementor-element-7bc2bab\" data-id=\"7bc2bab\" data-element_type=\"column\">\n\t\t\t<div class=\"elementor-widget-wrap elementor-element-populated\">\n\t\t\t\t\t\t<div class=\"elementor-element elementor-element-face2f7 elementor-widget elementor-widget-text-editor\" data-id=\"face2f7\" data-element_type=\"widget\" data-widget_type=\"text-editor.default\">\n\t\t\t\t<div class=\"elementor-widget-container\">\n\t\t\t\t\t\t\t<p><span>Em resumo, a HSSE (Sa\u00fade, Seguran\u00e7a, Prote\u00e7\u00e3o e Meio Ambiente) \u00e9 uma abordagem abrangente que busca garantir a seguran\u00e7a, prote\u00e7\u00e3o, sa\u00fade e preserva\u00e7\u00e3o ambiental em todas as atividades de uma organiza\u00e7\u00e3o. <\/span><span>\u00c9 um compromisso cont\u00ednuo que envolve a capacita\u00e7\u00e3o e treinamento dos colaboradores, avalia\u00e7\u00e3o de riscos, compliance com as leis e regulamentos, comunica\u00e7\u00e3o transparente e monitoramento constante. <\/span><span>A implementa\u00e7\u00e3o eficaz da HSSE promove um ambiente de trabalho seguro, minimiza os impactos ambientais, protege a sa\u00fade das pessoas e contribui para a sustentabilidade. <\/span><span>\u00c9 uma responsabilidade compartilhada por todos os envolvidos, buscando a excel\u00eancia em todas as \u00e1reas relacionadas \u00e0 sa\u00fade, seguran\u00e7a, seguran\u00e7a e meio ambiente.<\/span><\/p>\t\t\t\t\t\t<\/div>\n\t\t\t\t<\/div>\n\t\t\t\t\t<\/div>\n\t\t<\/div>\n\t\t\t\t<div class=\"elementor-column elementor-col-50 elementor-top-column elementor-element elementor-element-e09ecdc\" data-id=\"e09ecdc\" data-element_type=\"column\">\n\t\t\t<div class=\"elementor-widget-wrap elementor-element-populated\">\n\t\t\t\t\t\t<div class=\"elementor-element elementor-element-eada711 elementor-widget elementor-widget-image\" data-id=\"eada711\" data-element_type=\"widget\" data-widget_type=\"image.default\">\n\t\t\t\t<div class=\"elementor-widget-container\">\n\t\t\t\t\t\t\t\t\t\t\t\t\t<img loading=\"lazy\" decoding=\"async\" width=\"768\" height=\"532\" src=\"https:\/\/gpinsp.com.br\/wp-content\/uploads\/2023\/06\/05-768x532.jpg\" class=\"attachment-medium_large size-medium_large wp-image-494\" alt=\"\" srcset=\"https:\/\/gpinsp.com.br\/wp-content\/uploads\/2023\/06\/05-768x532.jpg 768w, https:\/\/gpinsp.com.br\/wp-content\/uploads\/2023\/06\/05-300x208.jpg 300w, https:\/\/gpinsp.com.br\/wp-content\/uploads\/2023\/06\/05.jpg 1000w\" sizes=\"(max-width: 768px) 100vw, 768px\" \/>\t\t\t\t\t\t\t\t\t\t\t\t\t<\/div>\n\t\t\t\t<\/div>\n\t\t\t\t\t<\/div>\n\t\t<\/div>\n\t\t\t\t\t<\/div>\n\t\t<\/section>\n\t\t\t\t<\/div>\n\t\t","protected":false},"excerpt":{"rendered":"<p>Nosso compromisso com a seguran\u00e7a e qualidade. Na GP Inspe\u00e7\u00e3o &amp; Servi\u00e7os, temos um compromisso inabal\u00e1vel com a seguran\u00e7a e a qualidade em todas as nossas opera\u00e7\u00f5es. Investimos em treinamentos regulares, aderimos a normas e regulamentos de seguran\u00e7a e garantimos a excel\u00eancia em todas as etapas dos processos. Buscamos estabelecer rela\u00e7\u00f5es duradouras com nossos clientes, [&hellip;]<\/p>\n","protected":false},"author":1,"featured_media":0,"parent":0,"menu_order":0,"comment_status":"closed","ping_status":"closed","template":"","meta":{"om_disable_all_campaigns":false,"_monsterinsights_skip_tracking":false,"_monsterinsights_sitenote_active":false,"_monsterinsights_sitenote_note":"","_monsterinsights_sitenote_category":0,"_joinchat":[],"footnotes":""},"class_list":["post-413","page","type-page","status-publish","hentry"],"aioseo_notices":[],"_links":{"self":[{"href":"https:\/\/gpinsp.com.br\/index.php?rest_route=\/wp\/v2\/pages\/413"}],"collection":[{"href":"https:\/\/gpinsp.com.br\/index.php?rest_route=\/wp\/v2\/pages"}],"about":[{"href":"https:\/\/gpinsp.com.br\/index.php?rest_route=\/wp\/v2\/types\/page"}],"author":[{"embeddable":true,"href":"https:\/\/gpinsp.com.br\/index.php?rest_route=\/wp\/v2\/users\/1"}],"replies":[{"embeddable":true,"href":"https:\/\/gpinsp.com.br\/index.php?rest_route=%2Fwp%2Fv2%2Fcomments&post=413"}],"version-history":[{"count":7,"href":"https:\/\/gpinsp.com.br\/index.php?rest_route=\/wp\/v2\/pages\/413\/revisions"}],"predecessor-version":[{"id":782,"href":"https:\/\/gpinsp.com.br\/index.php?rest_route=\/wp\/v2\/pages\/413\/revisions\/782"}],"wp:attachment":[{"href":"https:\/\/gpinsp.com.br\/index.php?rest_route=%2Fwp%2Fv2%2Fmedia&parent=413"}],"curies":[{"name":"wp","href":"https:\/\/api.w.org\/{rel}","templated":true}]}}